{"id":72,"date":"2026-02-03T03:07:00","date_gmt":"2026-02-03T03:07:00","guid":{"rendered":"https:\/\/drashirleyibanez.agendaaqui.com.mx\/?page_id=72"},"modified":"2026-02-03T03:07:41","modified_gmt":"2026-02-03T03:07:41","slug":"aviso-de-privacidad","status":"publish","type":"page","link":"https:\/\/drashirleyibanez.agendaaqui.com.mx\/index.php\/aviso-de-privacidad\/","title":{"rendered":"Aviso de Privacidad"},"content":{"rendered":"\t\t<div data-elementor-type=\"wp-page\" data-elementor-id=\"72\" class=\"elementor elementor-72\">\n\t\t\t\t<div class=\"elementor-element elementor-element-083d227 e-flex e-con-boxed e-con e-parent\" data-id=\"083d227\" data-element_type=\"container\" data-e-type=\"container\" data-settings=\"{&quot;background_background&quot;:&quot;classic&quot;}\">\n\t\t\t\t\t<div class=\"e-con-inner\">\n\t\t<div class=\"elementor-element elementor-element-4227d3d e-con-full e-flex e-con e-child\" data-id=\"4227d3d\" data-element_type=\"container\" data-e-type=\"container\">\n\t\t\t\t<div class=\"elementor-element elementor-element-47e397d elementor-widget elementor-widget-heading\" data-id=\"47e397d\" data-element_type=\"widget\" data-e-type=\"widget\" data-widget_type=\"heading.default\">\n\t\t\t\t\t<p class=\"elementor-heading-title elementor-size-default\">Aviso de Privacidad<\/p>\t\t\t\t<\/div>\n\t\t\t\t<div class=\"elementor-element elementor-element-02606a0 elementor-widget elementor-widget-text-editor\" data-id=\"02606a0\" data-element_type=\"widget\" data-e-type=\"widget\" data-widget_type=\"text-editor.default\">\n\t\t\t\t\t\t\t\t\t<p>El presente aviso de privacidad, se expide de conformidad con el art\u00edculo 16 Ley Federal de Protecci\u00f3n de Datos<\/p><p>Personales en Posesi\u00f3n de los Particulares.<\/p><p>I.- Las finalidades del tratamiento de datos.- Lo constituye la prestaci\u00f3n de servicios de salud realizadas en beneficio del titular de la informaci\u00f3n, dirigidas a proteger, promover y restaurar su salud, garantizar un tratamiento correcto, determinar si requiere ser tratado como paciente vulnerable y de alto riesgo, hospitalizaci\u00f3n, cirug\u00eda, estudios diagn\u00f3sticos y dem\u00e1s fines relacionados con servicios de salud. Creaci\u00f3n, estudio, an\u00e1lisis, actualizaci\u00f3n, y conservaci\u00f3n del expediente cl\u00ednico. Facturaci\u00f3n y cobranza por servicios m\u00e9dicos. Estudios, registros, estad\u00edsticas y an\u00e1lisis de informaci\u00f3n de salud. prestaci\u00f3n de servicios de salud en el futuro y en general para dar seguimiento a cualquier relaci\u00f3n de prestaci\u00f3n de servicios. Investigaci\u00f3n y Estad\u00edstica Cl\u00ednica. Remitir sus datos a sus m\u00e9dicos interconsultantes, transferir sus datos, en su caso, a la aseguradora con quien tenga contratada una p\u00f3liza de seguro de gastos m\u00e9dicos, para encuestas de satisfacci\u00f3n de servicios para el cumplimiento de los derechos y obligaciones adquiridos por la firma del Contrato de la Prestaci\u00f3n de Servicios M\u00e9dicos.<\/p><p>II.- Las opciones y medios que el responsable ofrezca a los titulares para limitar el uso o divulgaci\u00f3n de los datos.- Para limitar el uso de sus datos personales, favor de enviar un correo electr\u00f3nico a la direcci\u00f3n electr\u00f3nica y\/o por escrito a la direcci\u00f3n abajo anotada, dirigida al responsable de la informaci\u00f3n de Datos Personales en el que se se\u00f1ale la limitaci\u00f3n al uso de sus datos deseada.<\/p><p>III.- Los medios para ejercer los derechos de acceso, rectificaci\u00f3n, cancelaci\u00f3n u oposici\u00f3n de los derechos previstos en la Ley.- Para el ejercicio de sus derechos ARCO y\/o modificaci\u00f3n y\/o la revocaci\u00f3n de su consentimiento para el tratamiento de sus datos personales, en caso de que estos sean inexactos o incompletos u oponerse a su tratamiento para ciertos fines, favor de presentar una solicitud por escrito (solicitud de ejercicio de derechos ARCO) dirigida al responsable de Datos Personales a la direcci\u00f3n electr\u00f3nica o f\u00edsica abajo anotada, y que deber\u00e1 contener la siguiente informaci\u00f3n: a) Nombre del titular. b) Domicilio de titular o direcci\u00f3n de correo electr\u00f3nico para comunicar respuesta a solicitud. c) Documentos que acrediten identidad o autorizaci\u00f3n para representarlo en la solicitud. d) Descripci\u00f3n de datos personales sobre los que se pretende ejercer alg\u00fan derecho ARCO. e) Cualquier otro elemento que permita la localizaci\u00f3n de los datos personales y atenci\u00f3n a la solicitud<\/p><p>IV.- En su caso, las transferencias de datos que se efect\u00faen.- Para la prestaci\u00f3n de servicios. El responsable puede transferir dentro y fuera del pa\u00eds, los datos personales en su posesi\u00f3n a terceros subcontratados para fines relacionados con los se\u00f1alados en este aviso de privacidad. Dentro de los terceros a los que se transferir\u00e1n dichos datos se incluyen sin limitar laboratorios, cl\u00ednicas, hospitales, otros profesionales de la salud (psic\u00f3logos, nutri\u00f3logos, etc), centros de investigaci\u00f3n, aseguradoras, as\u00ed como a cualquiera otro necesario para la prestaci\u00f3n del servicio m\u00e9dico y los correspondientes al cumplimiento de las obligaciones del contrato de prestaci\u00f3n de servicios profesionales.<\/p><p>V.- El procedimiento y medio por el cual el responsable comunicar\u00e1 a los titulares de cambios al aviso de privacidad, de conformidad con lo previsto en esta Ley.- El Responsable, se reserva el derecho de efectuar en cualquier momento modificaciones al presente Aviso de Privacidad para cumplir con actualizaciones legislativas, jurisprudenciales, pol\u00edticas internas, nuevos requisitos para la presentaci\u00f3n de servicios m\u00e9dicos, en el entendido de que toda modificaci\u00f3n al mismo se le dar\u00e1 a conocer por medio de la publicaci\u00f3n de un aviso que estar\u00e1 disponible en nuestras instalaciones abajo anotadas.<\/p><p>VI.- En el caso de datos personales sensibles, el aviso de privacidad deber\u00e1 se\u00f1alar expresamente que se trata de este tipo de datos.- El Responsable recabar\u00e1 y tratar\u00e1 datos sensibles, relacionados con el estado de salud, historial cl\u00ednico que describe, antecedentes patol\u00f3gicos, no patol\u00f3gicos y otros datos necesarios o convenientes para los fines arriba se\u00f1alados. Los datos personales sensibles ser\u00e1n mantenidos y tratados con estricta seguridad y confidencialidad para fines relacionados con la prestaci\u00f3n de servicios de salud y conforme a este aviso de privacidad y la legislaci\u00f3n, reglamentos y normativa aplicable.<\/p><p>La identidad y domicilio del responsable que los recaba.<\/p><p>Responsable: Dra. Shirley Herrera Ib\u00e1\u00f1ez.<br \/>Domicilio: Anillo perif\u00e9rico ecol\u00f3gico, 3507, interior 11B. Reserva Territorial Atlixc\u00e1yotl. Tlaxcalancingo, San Andr\u00e9s<br \/>Cholula, Puebla. CP 72810.<br \/>Tel\u00e9fono:2222177853.<br \/>Direcci\u00f3n Electr\u00f3nica: dra.shirleyneurocirugia@gmail.com<\/p>\t\t\t\t\t\t\t\t<\/div>\n\t\t\t\t<\/div>\n\t\t\t\t\t<\/div>\n\t\t\t\t<\/div>\n\t\t\t\t<\/div>\n\t\t","protected":false},"excerpt":{"rendered":"<p>Aviso de Privacidad El presente aviso de privacidad, se expide de conformidad con el art\u00edculo 16 Ley Federal de Protecci\u00f3n [&hellip;]<\/p>\n","protected":false},"author":1,"featured_media":0,"parent":0,"menu_order":0,"comment_status":"closed","ping_status":"closed","template":"","meta":{"site-sidebar-layout":"no-sidebar","site-content-layout":"","ast-site-content-layout":"full-width-container","site-content-style":"default","site-sidebar-style":"default","ast-global-header-display":"","ast-banner-title-visibility":"","ast-main-header-display":"","ast-hfb-above-header-display":"","ast-hfb-below-header-display":"","ast-hfb-mobile-header-display":"","site-post-title":"","ast-breadcrumbs-content":"","ast-featured-img":"disabled","footer-sml-layout":"","ast-disable-related-posts":"","theme-transparent-header-meta":"","adv-header-id-meta":"","stick-header-meta":"","header-above-stick-meta":"","header-main-stick-meta":"","header-below-stick-meta":"","astra-migrate-meta-layouts":"default","ast-page-background-enabled":"default","ast-page-background-meta":{"desktop":{"background-color":"var(--ast-global-color-5)","background-image":"","background-repeat":"repeat","background-position":"center center","background-size":"auto","background-attachment":"scroll","background-type":"","background-media":"","overlay-type":"","overlay-color":"","overlay-opacity":"","overlay-gradient":""},"tablet":{"background-color":"","background-image":"","background-repeat":"repeat","background-position":"center center","background-size":"auto","background-attachment":"scroll","background-type":"","background-media":"","overlay-type":"","overlay-color":"","overlay-opacity":"","overlay-gradient":""},"mobile":{"background-color":"","background-image":"","background-repeat":"repeat","background-position":"center center","background-size":"auto","background-attachment":"scroll","background-type":"","background-media":"","overlay-type":"","overlay-color":"","overlay-opacity":"","overlay-gradient":""}},"ast-content-background-meta":{"desktop":{"background-color":"var(--ast-global-color-4)","background-image":"","background-repeat":"repeat","background-position":"center center","background-size":"auto","background-attachment":"scroll","background-type":"","background-media":"","overlay-type":"","overlay-color":"","overlay-opacity":"","overlay-gradient":""},"tablet":{"background-color":"var(--ast-global-color-4)","background-image":"","background-repeat":"repeat","background-position":"center center","background-size":"auto","background-attachment":"scroll","background-type":"","background-media":"","overlay-type":"","overlay-color":"","overlay-opacity":"","overlay-gradient":""},"mobile":{"background-color":"var(--ast-global-color-4)","background-image":"","background-repeat":"repeat","background-position":"center center","background-size":"auto","background-attachment":"scroll","background-type":"","background-media":"","overlay-type":"","overlay-color":"","overlay-opacity":"","overlay-gradient":""}},"_joinchat":[],"footnotes":""},"class_list":["post-72","page","type-page","status-publish","hentry"],"yoast_head":"<!-- This site is optimized with the Yoast SEO plugin v27.3 - https:\/\/yoast.com\/product\/yoast-seo-wordpress\/ -->\n<title>Aviso de Privacidad - Dra. Shirley Herrera Ib\u00e1\u00f1ez<\/title>\n<meta name=\"robots\" content=\"index, follow, max-snippet:-1, max-image-preview:large, max-video-preview:-1\" \/>\n<link rel=\"canonical\" href=\"https:\/\/drashirleyibanez.agendaaqui.com.mx\/index.php\/aviso-de-privacidad\/\" \/>\n<meta property=\"og:locale\" content=\"es_ES\" \/>\n<meta property=\"og:type\" content=\"article\" \/>\n<meta property=\"og:title\" content=\"Aviso de Privacidad - Dra. Shirley Herrera Ib\u00e1\u00f1ez\" \/>\n<meta property=\"og:description\" content=\"Aviso de Privacidad El presente aviso de privacidad, se expide de conformidad con el art\u00edculo 16 Ley Federal de Protecci\u00f3n [&hellip;]\" \/>\n<meta property=\"og:url\" content=\"https:\/\/drashirleyibanez.agendaaqui.com.mx\/index.php\/aviso-de-privacidad\/\" \/>\n<meta property=\"og:site_name\" content=\"Dra. Shirley Herrera Ib\u00e1\u00f1ez\" \/>\n<meta property=\"article:modified_time\" content=\"2026-02-03T03:07:41+00:00\" \/>\n<meta name=\"twitter:card\" content=\"summary_large_image\" \/>\n<meta name=\"twitter:label1\" content=\"Tiempo de lectura\" \/>\n\t<meta name=\"twitter:data1\" content=\"4 minutos\" \/>\n<script type=\"application\/ld+json\" class=\"yoast-schema-graph\">{\"@context\":\"https:\\\/\\\/schema.org\",\"@graph\":[{\"@type\":\"WebPage\",\"@id\":\"https:\\\/\\\/drashirleyibanez.agendaaqui.com.mx\\\/index.php\\\/aviso-de-privacidad\\\/\",\"url\":\"https:\\\/\\\/drashirleyibanez.agendaaqui.com.mx\\\/index.php\\\/aviso-de-privacidad\\\/\",\"name\":\"Aviso de Privacidad - Dra. Shirley Herrera Ib\u00e1\u00f1ez\",\"isPartOf\":{\"@id\":\"https:\\\/\\\/drashirleyibanez.agendaaqui.com.mx\\\/#website\"},\"datePublished\":\"2026-02-03T03:07:00+00:00\",\"dateModified\":\"2026-02-03T03:07:41+00:00\",\"breadcrumb\":{\"@id\":\"https:\\\/\\\/drashirleyibanez.agendaaqui.com.mx\\\/index.php\\\/aviso-de-privacidad\\\/#breadcrumb\"},\"inLanguage\":\"es\",\"potentialAction\":[{\"@type\":\"ReadAction\",\"target\":[\"https:\\\/\\\/drashirleyibanez.agendaaqui.com.mx\\\/index.php\\\/aviso-de-privacidad\\\/\"]}]},{\"@type\":\"BreadcrumbList\",\"@id\":\"https:\\\/\\\/drashirleyibanez.agendaaqui.com.mx\\\/index.php\\\/aviso-de-privacidad\\\/#breadcrumb\",\"itemListElement\":[{\"@type\":\"ListItem\",\"position\":1,\"name\":\"Portada\",\"item\":\"https:\\\/\\\/drashirleyibanez.agendaaqui.com.mx\\\/\"},{\"@type\":\"ListItem\",\"position\":2,\"name\":\"Aviso de Privacidad\"}]},{\"@type\":\"WebSite\",\"@id\":\"https:\\\/\\\/drashirleyibanez.agendaaqui.com.mx\\\/#website\",\"url\":\"https:\\\/\\\/drashirleyibanez.agendaaqui.com.mx\\\/\",\"name\":\"Dra. Shirley Herrera Ib\u00e1\u00f1ez\",\"description\":\"Especialista Neur\u00f3logo y Neurocirujano  en Puebla\",\"publisher\":{\"@id\":\"https:\\\/\\\/drashirleyibanez.agendaaqui.com.mx\\\/#organization\"},\"potentialAction\":[{\"@type\":\"SearchAction\",\"target\":{\"@type\":\"EntryPoint\",\"urlTemplate\":\"https:\\\/\\\/drashirleyibanez.agendaaqui.com.mx\\\/?s={search_term_string}\"},\"query-input\":{\"@type\":\"PropertyValueSpecification\",\"valueRequired\":true,\"valueName\":\"search_term_string\"}}],\"inLanguage\":\"es\"},{\"@type\":\"Organization\",\"@id\":\"https:\\\/\\\/drashirleyibanez.agendaaqui.com.mx\\\/#organization\",\"name\":\"Dra. Shirley Herrera Ib\u00e1\u00f1ez\",\"url\":\"https:\\\/\\\/drashirleyibanez.agendaaqui.com.mx\\\/\",\"logo\":{\"@type\":\"ImageObject\",\"inLanguage\":\"es\",\"@id\":\"https:\\\/\\\/drashirleyibanez.agendaaqui.com.mx\\\/#\\\/schema\\\/logo\\\/image\\\/\",\"url\":\"https:\\\/\\\/drashirleyibanez.agendaaqui.com.mx\\\/wp-content\\\/uploads\\\/2026\\\/02\\\/Disen\u0303o-sin-ti\u0301tulo.png\",\"contentUrl\":\"https:\\\/\\\/drashirleyibanez.agendaaqui.com.mx\\\/wp-content\\\/uploads\\\/2026\\\/02\\\/Disen\u0303o-sin-ti\u0301tulo.png\",\"width\":500,\"height\":500,\"caption\":\"Dra. Shirley Herrera Ib\u00e1\u00f1ez\"},\"image\":{\"@id\":\"https:\\\/\\\/drashirleyibanez.agendaaqui.com.mx\\\/#\\\/schema\\\/logo\\\/image\\\/\"}}]}<\/script>\n<!-- \/ Yoast SEO plugin. -->","yoast_head_json":{"title":"Aviso de Privacidad - Dra. Shirley Herrera Ib\u00e1\u00f1ez","robots":{"index":"index","follow":"follow","max-snippet":"max-snippet:-1","max-image-preview":"max-image-preview:large","max-video-preview":"max-video-preview:-1"},"canonical":"https:\/\/drashirleyibanez.agendaaqui.com.mx\/index.php\/aviso-de-privacidad\/","og_locale":"es_ES","og_type":"article","og_title":"Aviso de Privacidad - Dra. Shirley Herrera Ib\u00e1\u00f1ez","og_description":"Aviso de Privacidad El presente aviso de privacidad, se expide de conformidad con el art\u00edculo 16 Ley Federal de Protecci\u00f3n [&hellip;]","og_url":"https:\/\/drashirleyibanez.agendaaqui.com.mx\/index.php\/aviso-de-privacidad\/","og_site_name":"Dra. Shirley Herrera Ib\u00e1\u00f1ez","article_modified_time":"2026-02-03T03:07:41+00:00","twitter_card":"summary_large_image","twitter_misc":{"Tiempo de lectura":"4 minutos"},"schema":{"@context":"https:\/\/schema.org","@graph":[{"@type":"WebPage","@id":"https:\/\/drashirleyibanez.agendaaqui.com.mx\/index.php\/aviso-de-privacidad\/","url":"https:\/\/drashirleyibanez.agendaaqui.com.mx\/index.php\/aviso-de-privacidad\/","name":"Aviso de Privacidad - Dra. Shirley Herrera Ib\u00e1\u00f1ez","isPartOf":{"@id":"https:\/\/drashirleyibanez.agendaaqui.com.mx\/#website"},"datePublished":"2026-02-03T03:07:00+00:00","dateModified":"2026-02-03T03:07:41+00:00","breadcrumb":{"@id":"https:\/\/drashirleyibanez.agendaaqui.com.mx\/index.php\/aviso-de-privacidad\/#breadcrumb"},"inLanguage":"es","potentialAction":[{"@type":"ReadAction","target":["https:\/\/drashirleyibanez.agendaaqui.com.mx\/index.php\/aviso-de-privacidad\/"]}]},{"@type":"BreadcrumbList","@id":"https:\/\/drashirleyibanez.agendaaqui.com.mx\/index.php\/aviso-de-privacidad\/#breadcrumb","itemListElement":[{"@type":"ListItem","position":1,"name":"Portada","item":"https:\/\/drashirleyibanez.agendaaqui.com.mx\/"},{"@type":"ListItem","position":2,"name":"Aviso de Privacidad"}]},{"@type":"WebSite","@id":"https:\/\/drashirleyibanez.agendaaqui.com.mx\/#website","url":"https:\/\/drashirleyibanez.agendaaqui.com.mx\/","name":"Dra. Shirley Herrera Ib\u00e1\u00f1ez","description":"Especialista Neur\u00f3logo y Neurocirujano  en Puebla","publisher":{"@id":"https:\/\/drashirleyibanez.agendaaqui.com.mx\/#organization"},"potentialAction":[{"@type":"SearchAction","target":{"@type":"EntryPoint","urlTemplate":"https:\/\/drashirleyibanez.agendaaqui.com.mx\/?s={search_term_string}"},"query-input":{"@type":"PropertyValueSpecification","valueRequired":true,"valueName":"search_term_string"}}],"inLanguage":"es"},{"@type":"Organization","@id":"https:\/\/drashirleyibanez.agendaaqui.com.mx\/#organization","name":"Dra. Shirley Herrera Ib\u00e1\u00f1ez","url":"https:\/\/drashirleyibanez.agendaaqui.com.mx\/","logo":{"@type":"ImageObject","inLanguage":"es","@id":"https:\/\/drashirleyibanez.agendaaqui.com.mx\/#\/schema\/logo\/image\/","url":"https:\/\/drashirleyibanez.agendaaqui.com.mx\/wp-content\/uploads\/2026\/02\/Disen\u0303o-sin-ti\u0301tulo.png","contentUrl":"https:\/\/drashirleyibanez.agendaaqui.com.mx\/wp-content\/uploads\/2026\/02\/Disen\u0303o-sin-ti\u0301tulo.png","width":500,"height":500,"caption":"Dra. Shirley Herrera Ib\u00e1\u00f1ez"},"image":{"@id":"https:\/\/drashirleyibanez.agendaaqui.com.mx\/#\/schema\/logo\/image\/"}}]}},"_links":{"self":[{"href":"https:\/\/drashirleyibanez.agendaaqui.com.mx\/index.php\/wp-json\/wp\/v2\/pages\/72","targetHints":{"allow":["GET"]}}],"collection":[{"href":"https:\/\/drashirleyibanez.agendaaqui.com.mx\/index.php\/wp-json\/wp\/v2\/pages"}],"about":[{"href":"https:\/\/drashirleyibanez.agendaaqui.com.mx\/index.php\/wp-json\/wp\/v2\/types\/page"}],"author":[{"embeddable":true,"href":"https:\/\/drashirleyibanez.agendaaqui.com.mx\/index.php\/wp-json\/wp\/v2\/users\/1"}],"replies":[{"embeddable":true,"href":"https:\/\/drashirleyibanez.agendaaqui.com.mx\/index.php\/wp-json\/wp\/v2\/comments?post=72"}],"version-history":[{"count":4,"href":"https:\/\/drashirleyibanez.agendaaqui.com.mx\/index.php\/wp-json\/wp\/v2\/pages\/72\/revisions"}],"predecessor-version":[{"id":76,"href":"https:\/\/drashirleyibanez.agendaaqui.com.mx\/index.php\/wp-json\/wp\/v2\/pages\/72\/revisions\/76"}],"wp:attachment":[{"href":"https:\/\/drashirleyibanez.agendaaqui.com.mx\/index.php\/wp-json\/wp\/v2\/media?parent=72"}],"curies":[{"name":"wp","href":"https:\/\/api.w.org\/{rel}","templated":true}]}}